{"id":2,"date":"2023-03-06T07:39:51","date_gmt":"2023-03-06T06:39:51","guid":{"rendered":"https:\/\/www.chefdomicile.com\/?page_id=2"},"modified":"2024-02-22T18:04:07","modified_gmt":"2024-02-22T17:04:07","slug":"accueil","status":"publish","type":"page","link":"https:\/\/www.chefdomicile.com\/en\/","title":{"rendered":"Welcome"},"content":{"rendered":"<div class=\"wp-block-cover is-light has-parallax\"><span aria-hidden=\"true\" class=\"wp-block-cover__background has-background-dim-0 has-background-dim\"><\/span><div role=\"img\" class=\"wp-block-cover__image-background wp-image-392 has-parallax\" style=\"background-position:50% 50%;background-image:url(https:\/\/www.chefdomicile.com\/wp-content\/uploads\/2024\/02\/DSC_5335RET-scaled.jpg)\"><\/div><div class=\"wp-block-cover__inner-container is-layout-flow wp-block-cover-is-layout-flow\">\n<div class=\"wp-block-columns are-vertically-aligned-top is-layout-flex wp-container-core-columns-is-layout-28f84493 wp-block-columns-is-layout-flex\">\n<div class=\"wp-block-column is-vertically-aligned-top is-layout-flow wp-block-column-is-layout-flow\" style=\"flex-basis:100%\">\n<h2 class=\"wp-block-heading has-text-align-center has-base-color has-text-color\"><em>FRENCH FINE DINING CHEZ VOUS<\/em><\/h2>\n<\/div>\n<\/div>\n<\/div><\/div>\n\n\n\n<div class=\"wp-block-columns is-layout-flex wp-container-core-columns-is-layout-28f84493 wp-block-columns-is-layout-flex\">\n<div class=\"wp-block-column is-layout-flow wp-block-column-is-layout-flow\" style=\"flex-basis:50%\">\n<figure class=\"wp-block-image aligncenter size-large\"><img loading=\"lazy\" decoding=\"async\" width=\"683\" height=\"1024\" src=\"https:\/\/www.chefdomicile.com\/wp-content\/uploads\/2024\/02\/DSC_6070RET-1-683x1024.jpg\" alt=\"\" class=\"wp-image-402\" srcset=\"https:\/\/www.chefdomicile.com\/wp-content\/uploads\/2024\/02\/DSC_6070RET-1-683x1024.jpg 683w, https:\/\/www.chefdomicile.com\/wp-content\/uploads\/2024\/02\/DSC_6070RET-1-200x300.jpg 200w, https:\/\/www.chefdomicile.com\/wp-content\/uploads\/2024\/02\/DSC_6070RET-1-768x1151.jpg 768w, https:\/\/www.chefdomicile.com\/wp-content\/uploads\/2024\/02\/DSC_6070RET-1-1025x1536.jpg 1025w, https:\/\/www.chefdomicile.com\/wp-content\/uploads\/2024\/02\/DSC_6070RET-1-1367x2048.jpg 1367w, https:\/\/www.chefdomicile.com\/wp-content\/uploads\/2024\/02\/DSC_6070RET-1-8x12.jpg 8w, https:\/\/www.chefdomicile.com\/wp-content\/uploads\/2024\/02\/DSC_6070RET-1-scaled.jpg 1709w\" sizes=\"auto, (max-width: 683px) 100vw, 683px\" \/><\/figure>\n<\/div>\n\n\n\n<div class=\"wp-block-column is-vertically-aligned-center is-layout-flow wp-block-column-is-layout-flow\" style=\"flex-basis:50%\">\n<div class=\"wp-block-columns is-layout-flex wp-container-core-columns-is-layout-28f84493 wp-block-columns-is-layout-flex\">\n<div class=\"wp-block-column max500 is-layout-flow wp-block-column-is-layout-flow\" style=\"padding-top:var(--wp--preset--spacing--30);padding-right:var(--wp--preset--spacing--30);padding-bottom:var(--wp--preset--spacing--30);padding-left:var(--wp--preset--spacing--30)\">\n<h3 class=\"wp-block-heading has-text-align-center\"> <strong>About us<\/strong><\/h3>\n\n\n\n<div class=\"wp-block-columns is-layout-flex wp-container-core-columns-is-layout-28f84493 wp-block-columns-is-layout-flex\">\n<div class=\"wp-block-column is-layout-flow wp-block-column-is-layout-flow\">\n<hr class=\"wp-block-separator aligncenter has-alpha-channel-opacity max100\"\/>\n<\/div>\n<\/div>\n\n\n\n<p class=\"has-text-align-justify\">We met at the Paul Bocuse Institute in Ecully through our shared passion for cooking - Oscar's inspired by extensive travels in Asia and H\u00e9loise's by her traditional French upbringing. Having loved working together as private chefs in a mountain chalet in Ch\u00e2tel for two consecutive seasons, we decided to continue our adventure as private chefs all over the world. We now specialise in French fusion haute cuisine, catering for meat-eaters, pescatarians, vegetarians and vegans alike.<\/p>\n<\/div>\n<\/div>\n<\/div>\n<\/div>\n\n\n\n<div class=\"wp-block-cover is-light has-parallax\" style=\"min-height:966px;aspect-ratio:unset;\"><span aria-hidden=\"true\" class=\"wp-block-cover__background has-background-dim-0 has-background-dim\"><\/span><div role=\"img\" class=\"wp-block-cover__image-background wp-image-407 has-parallax\" style=\"background-position:50% 50%;background-image:url(https:\/\/www.chefdomicile.com\/wp-content\/uploads\/2024\/02\/DSC_5381RET-scaled.jpg)\"><\/div><div class=\"wp-block-cover__inner-container is-layout-flow wp-block-cover-is-layout-flow\">\n<div class=\"wp-block-columns is-layout-flex wp-container-core-columns-is-layout-28f84493 wp-block-columns-is-layout-flex\">\n<div class=\"wp-block-column is-layout-flow wp-block-column-is-layout-flow\" style=\"flex-basis:50%\">\n<div class=\"wp-block-columns is-not-stacked-on-mobile is-layout-flex wp-container-core-columns-is-layout-28f84493 wp-block-columns-is-layout-flex\">\n<div class=\"wp-block-column is-vertically-aligned-center max400 height550 has-base-background-color has-background has-global-padding is-layout-constrained wp-container-core-column-is-layout-23b1a4dc wp-block-column-is-layout-constrained\" style=\"border-width:2px;padding-top:var(--wp--preset--spacing--30);padding-right:var(--wp--preset--spacing--30);padding-bottom:var(--wp--preset--spacing--30);padding-left:var(--wp--preset--spacing--30)\">\n<h3 class=\"wp-block-heading has-text-align-center\"><strong>What we do<\/strong><\/h3>\n\n\n\n<div class=\"wp-block-columns is-layout-flex wp-container-core-columns-is-layout-28f84493 wp-block-columns-is-layout-flex\">\n<div class=\"wp-block-column is-vertically-aligned-center is-layout-flow wp-block-column-is-layout-flow\">\n<hr class=\"wp-block-separator aligncenter has-alpha-channel-opacity max100\"\/>\n<\/div>\n<\/div>\n\n\n\n<p class=\"has-text-align-justify\" style=\"padding-top:0;padding-right:var(--wp--preset--spacing--30);padding-bottom:var(--wp--preset--spacing--30);padding-left:var(--wp--preset--spacing--30)\">We are available seven days a week to cook for you in your home or away on holiday.\u200b<br>Whether you need chefs for a dinner party, a weekend family gathering, a special occasion or a week-long holiday, we take care of everything so that you can sit back and relax with your friends and family.<\/p>\n<\/div>\n<\/div>\n<\/div>\n\n\n\n<div class=\"wp-block-column is-layout-flow wp-block-column-is-layout-flow\" style=\"flex-basis:50%\">\n<div class=\"wp-block-columns is-layout-flex wp-container-core-columns-is-layout-28f84493 wp-block-columns-is-layout-flex\">\n<div class=\"wp-block-column max400 height550 has-base-background-color has-background has-global-padding is-layout-constrained wp-container-core-column-is-layout-23b1a4dc wp-block-column-is-layout-constrained\" style=\"border-width:2px;padding-top:var(--wp--preset--spacing--30);padding-right:var(--wp--preset--spacing--30);padding-bottom:var(--wp--preset--spacing--30);padding-left:var(--wp--preset--spacing--30)\">\n<h3 class=\"wp-block-heading has-text-align-center\"><strong>Prestation<\/strong><\/h3>\n\n\n\n<div class=\"wp-block-columns is-layout-flex wp-container-core-columns-is-layout-28f84493 wp-block-columns-is-layout-flex\">\n<div class=\"wp-block-column is-layout-flow wp-block-column-is-layout-flow\">\n<hr class=\"wp-block-separator aligncenter has-alpha-channel-opacity max100\"\/>\n<\/div>\n<\/div>\n\n\n\n<p class=\"has-text-align-justify\" style=\"padding-right:var(--wp--preset--spacing--30);padding-bottom:var(--wp--preset--spacing--30);padding-left:var(--wp--preset--spacing--30)\">We will plan the menu in close liaison with you, purchase the ingredients (we favour fresh, local and seasonal produce), prepare the dishes in your kitchen, serve the food and clean up and tidy away afterwards.<br>We charge a daily rate not including ingredients or travel and we cater for all budgets. Do not hesitate to call or email us to discuss your needs.<br><\/p>\n<\/div>\n<\/div>\n<\/div>\n<\/div>\n<\/div><\/div>\n\n\n\n<h2 class=\"wp-block-heading has-text-align-center\" style=\"font-size:clamp(1.648rem, 1.648rem + ((1vw - 0.2rem) * 2.095), 2.8rem);\"><strong>Gallery<\/strong><\/h2>\n\n\n\n<div class=\"wp-block-columns is-layout-flex wp-container-core-columns-is-layout-28f84493 wp-block-columns-is-layout-flex\">\n<div class=\"wp-block-column is-layout-flow wp-block-column-is-layout-flow\">\n<hr class=\"wp-block-separator aligncenter has-alpha-channel-opacity max100\"\/>\n<\/div>\n<\/div>\n\n\n\n<div class=\"wp-block-columns is-layout-flex wp-container-core-columns-is-layout-28f84493 wp-block-columns-is-layout-flex\">\n<div class=\"wp-block-column is-layout-flow wp-block-column-is-layout-flow\" style=\"flex-basis:15%\"><\/div>\n\n\n\n<div class=\"wp-block-column is-vertically-aligned-top is-layout-flow wp-block-column-is-layout-flow\" style=\"flex-basis:70%\">\n<figure class=\"wp-block-gallery has-nested-images columns-default is-cropped wp-block-gallery-1 is-layout-flex wp-block-gallery-is-layout-flex\" style=\"margin-top:var(--wp--preset--spacing--40);margin-right:var(--wp--preset--spacing--40);margin-bottom:var(--wp--preset--spacing--40);margin-left:var(--wp--preset--spacing--40)\">\n<figure class=\"wp-block-image size-large\"><img loading=\"lazy\" decoding=\"async\" width=\"683\" height=\"1024\" data-id=\"398\" src=\"https:\/\/www.chefdomicile.com\/wp-content\/uploads\/2024\/02\/DSC_5444RET-683x1024.jpg\" alt=\"\" class=\"wp-image-398\" srcset=\"https:\/\/www.chefdomicile.com\/wp-content\/uploads\/2024\/02\/DSC_5444RET-683x1024.jpg 683w, https:\/\/www.chefdomicile.com\/wp-content\/uploads\/2024\/02\/DSC_5444RET-200x300.jpg 200w, https:\/\/www.chefdomicile.com\/wp-content\/uploads\/2024\/02\/DSC_5444RET-768x1151.jpg 768w, https:\/\/www.chefdomicile.com\/wp-content\/uploads\/2024\/02\/DSC_5444RET-1025x1536.jpg 1025w, https:\/\/www.chefdomicile.com\/wp-content\/uploads\/2024\/02\/DSC_5444RET-1367x2048.jpg 1367w, https:\/\/www.chefdomicile.com\/wp-content\/uploads\/2024\/02\/DSC_5444RET-8x12.jpg 8w, https:\/\/www.chefdomicile.com\/wp-content\/uploads\/2024\/02\/DSC_5444RET-scaled.jpg 1709w\" sizes=\"auto, (max-width: 683px) 100vw, 683px\" \/><\/figure>\n\n\n\n<figure class=\"wp-block-image size-large\"><img loading=\"lazy\" decoding=\"async\" width=\"683\" height=\"1024\" data-id=\"399\" src=\"https:\/\/www.chefdomicile.com\/wp-content\/uploads\/2024\/02\/DSC_5709RET-683x1024.jpg\" alt=\"\" class=\"wp-image-399\" srcset=\"https:\/\/www.chefdomicile.com\/wp-content\/uploads\/2024\/02\/DSC_5709RET-683x1024.jpg 683w, https:\/\/www.chefdomicile.com\/wp-content\/uploads\/2024\/02\/DSC_5709RET-200x300.jpg 200w, https:\/\/www.chefdomicile.com\/wp-content\/uploads\/2024\/02\/DSC_5709RET-768x1151.jpg 768w, https:\/\/www.chefdomicile.com\/wp-content\/uploads\/2024\/02\/DSC_5709RET-1025x1536.jpg 1025w, https:\/\/www.chefdomicile.com\/wp-content\/uploads\/2024\/02\/DSC_5709RET-1367x2048.jpg 1367w, https:\/\/www.chefdomicile.com\/wp-content\/uploads\/2024\/02\/DSC_5709RET-8x12.jpg 8w, https:\/\/www.chefdomicile.com\/wp-content\/uploads\/2024\/02\/DSC_5709RET-scaled.jpg 1709w\" sizes=\"auto, (max-width: 683px) 100vw, 683px\" \/><\/figure>\n\n\n\n<figure class=\"wp-block-image size-large\"><img loading=\"lazy\" decoding=\"async\" width=\"683\" height=\"1024\" data-id=\"400\" src=\"https:\/\/www.chefdomicile.com\/wp-content\/uploads\/2024\/02\/DSC_6085RET-683x1024.jpg\" alt=\"\" class=\"wp-image-400\" srcset=\"https:\/\/www.chefdomicile.com\/wp-content\/uploads\/2024\/02\/DSC_6085RET-683x1024.jpg 683w, https:\/\/www.chefdomicile.com\/wp-content\/uploads\/2024\/02\/DSC_6085RET-200x300.jpg 200w, https:\/\/www.chefdomicile.com\/wp-content\/uploads\/2024\/02\/DSC_6085RET-768x1151.jpg 768w, https:\/\/www.chefdomicile.com\/wp-content\/uploads\/2024\/02\/DSC_6085RET-1025x1536.jpg 1025w, https:\/\/www.chefdomicile.com\/wp-content\/uploads\/2024\/02\/DSC_6085RET-1367x2048.jpg 1367w, https:\/\/www.chefdomicile.com\/wp-content\/uploads\/2024\/02\/DSC_6085RET-8x12.jpg 8w, https:\/\/www.chefdomicile.com\/wp-content\/uploads\/2024\/02\/DSC_6085RET-scaled.jpg 1709w\" sizes=\"auto, (max-width: 683px) 100vw, 683px\" \/><\/figure>\n<\/figure>\n\n\n\n<p class=\"has-text-align-right\"><a href=\"https:\/\/www.chefdomicile.com\/en\/galerie\/\" class=\"ek-link\">See more<\/a><\/p>\n<\/div>\n\n\n\n<div class=\"wp-block-column is-layout-flow wp-block-column-is-layout-flow\" style=\"flex-basis:15%\"><\/div>\n<\/div>\n\n\n\n<div class=\"wp-block-cover is-light has-parallax\"><span aria-hidden=\"true\" class=\"wp-block-cover__background has-background-dim-0 has-background-dim\"><\/span><div role=\"img\" class=\"wp-block-cover__image-background wp-image-397 has-parallax\" style=\"background-position:50% 50%;background-image:url(https:\/\/www.chefdomicile.com\/wp-content\/uploads\/2024\/02\/DSC_5225RET-scaled.jpg)\"><\/div><div class=\"wp-block-cover__inner-container is-layout-flow wp-block-cover-is-layout-flow\">\n<p class=\"has-text-align-center has-large-font-size\"><\/p>\n<\/div><\/div>\n\n\n\n<h2 class=\"wp-block-heading has-text-align-center\" id=\"ServiceContact\">At your service<\/h2>","protected":false},"excerpt":{"rendered":"<p>\u00c0 propos des chefs Nous nous sommes rencontr\u00e9s \u00e0 l&rsquo;Institut Paul Bocuse \u00e0 Ecully autour d&rsquo;une passion commune : la cuisine ! De l\u00e0 est n\u00e9e notre envie de travailler ensemble. Riches de plusieurs exp\u00e9riences notamment en montagne \u00e0 Ch\u00e2tel dans un chalet priv\u00e9 pendant deux saisons cons\u00e9cutives, il nous apparait comme \u00e9vident que c&rsquo;est [&hellip;]<\/p>\n","protected":false},"author":1,"featured_media":0,"parent":0,"menu_order":0,"comment_status":"closed","ping_status":"open","template":"","meta":{"_editorskit_title_hidden":false,"_editorskit_reading_time":1,"_editorskit_is_block_options_detached":false,"_editorskit_block_options_position":"{}","footnotes":""},"class_list":["post-2","page","type-page","status-publish","hentry"],"_links":{"self":[{"href":"https:\/\/www.chefdomicile.com\/en\/wp-json\/wp\/v2\/pages\/2","targetHints":{"allow":["GET"]}}],"collection":[{"href":"https:\/\/www.chefdomicile.com\/en\/wp-json\/wp\/v2\/pages"}],"about":[{"href":"https:\/\/www.chefdomicile.com\/en\/wp-json\/wp\/v2\/types\/page"}],"author":[{"embeddable":true,"href":"https:\/\/www.chefdomicile.com\/en\/wp-json\/wp\/v2\/users\/1"}],"replies":[{"embeddable":true,"href":"https:\/\/www.chefdomicile.com\/en\/wp-json\/wp\/v2\/comments?post=2"}],"version-history":[{"count":70,"href":"https:\/\/www.chefdomicile.com\/en\/wp-json\/wp\/v2\/pages\/2\/revisions"}],"predecessor-version":[{"id":410,"href":"https:\/\/www.chefdomicile.com\/en\/wp-json\/wp\/v2\/pages\/2\/revisions\/410"}],"wp:attachment":[{"href":"https:\/\/www.chefdomicile.com\/en\/wp-json\/wp\/v2\/media?parent=2"}],"curies":[{"name":"wp","href":"https:\/\/api.w.org\/{rel}","templated":true}]}}